{"id":93,"date":"2014-05-26T15:15:20","date_gmt":"2014-05-26T15:15:20","guid":{"rendered":"http:\/\/wpresidence.net\/?page_id=93"},"modified":"2026-04-13T17:45:06","modified_gmt":"2026-04-13T15:45:06","slug":"nos-annonces","status":"publish","type":"page","link":"https:\/\/gethome.fr\/index.php\/nos-annonces\/","title":{"rendered":"Nos annonces"},"content":{"rendered":"\t\t<div data-elementor-type=\"wp-page\" data-elementor-id=\"93\" class=\"elementor elementor-93\">\n\t\t\t\t<div class=\"elementor-element elementor-element-cc29155 e-con-full e-flex e-con e-parent\" data-id=\"cc29155\" data-element_type=\"container\" data-settings=\"{&quot;background_background&quot;:&quot;classic&quot;}\">\n\t\t\t\t<div class=\"elementor-element elementor-element-69178b0 elementor-widget elementor-widget-heading\" data-id=\"69178b0\" data-element_type=\"widget\" data-widget_type=\"heading.default\">\n\t\t\t\t\t<h2 class=\"elementor-heading-title elementor-size-default\">Nos annonces<\/h2>\t\t\t\t<\/div>\n\t\t\t\t<div class=\"elementor-element elementor-element-7600a27 elementor-widget elementor-widget-text-editor\" data-id=\"7600a27\" data-element_type=\"widget\" data-widget_type=\"text-editor.default\">\n\t\t\t\t\t\t\t\t\t<p>Biens disponibles \u00e0 Paris et en \u00cele-de-France. Ench\u00e8res en cours, \u00e0 venir et termin\u00e9es.<\/p>\t\t\t\t\t\t\t\t<\/div>\n\t\t\t\t<\/div>\n\t\t\t\t<\/div>\n\t\t","protected":false},"excerpt":{"rendered":"<p>[vc_row][vc_column][vc_column_text] Nos annonces Biens disponibles \u00e0 Paris et en \u00cele-de-France. Ench\u00e8res en cours, \u00e0 venir et termin\u00e9es.[\/vc_column_text][\/vc_column][\/vc_row]<\/p>\n","protected":false},"author":1,"featured_media":0,"parent":0,"menu_order":0,"comment_status":"open","ping_status":"open","template":"page-templates\/property_list.php","meta":{"inline_featured_image":false,"footnotes":""},"class_list":["post-93","page","type-page","status-publish","hentry"],"_links":{"self":[{"href":"https:\/\/gethome.fr\/index.php\/wp-json\/wp\/v2\/pages\/93","targetHints":{"allow":["GET"]}}],"collection":[{"href":"https:\/\/gethome.fr\/index.php\/wp-json\/wp\/v2\/pages"}],"about":[{"href":"https:\/\/gethome.fr\/index.php\/wp-json\/wp\/v2\/types\/page"}],"author":[{"embeddable":true,"href":"https:\/\/gethome.fr\/index.php\/wp-json\/wp\/v2\/users\/1"}],"replies":[{"embeddable":true,"href":"https:\/\/gethome.fr\/index.php\/wp-json\/wp\/v2\/comments?post=93"}],"version-history":[{"count":11,"href":"https:\/\/gethome.fr\/index.php\/wp-json\/wp\/v2\/pages\/93\/revisions"}],"predecessor-version":[{"id":23059,"href":"https:\/\/gethome.fr\/index.php\/wp-json\/wp\/v2\/pages\/93\/revisions\/23059"}],"wp:attachment":[{"href":"https:\/\/gethome.fr\/index.php\/wp-json\/wp\/v2\/media?parent=93"}],"curies":[{"name":"wp","href":"https:\/\/api.w.org\/{rel}","templated":true}]}}